{"id":615,"date":"2026-02-15T20:26:06","date_gmt":"2026-02-15T20:26:06","guid":{"rendered":"https:\/\/ethnokartoonrecords.com\/?page_id=615"},"modified":"2026-02-15T22:39:44","modified_gmt":"2026-02-15T22:39:44","slug":"financement-de-lesdq","status":"publish","type":"page","link":"https:\/\/ethnokartoonrecords.com\/index.php\/financement-de-lesdq\/","title":{"rendered":"Nous Soutenir"},"content":{"rendered":"\n<p><\/p>\n\n\n\n<blockquote class=\"wp-block-quote is-style-default has-background is-layout-flow wp-block-quote-is-layout-flow\" style=\"background-color:#22026d\">\n<p class=\"has-text-color has-link-color has-x-large-font-size wp-elements-45db3f304c831912adad0265fb5bf9ed\" style=\"color:#ffffff\">\u00ab\u00a0Si capacit\u00e9, il vous est accord\u00e9, d&rsquo;allier amiti\u00e9 et porte-monnaie&#8230;\u00a0\u00bb<\/p>\n<\/blockquote>\n\n\n\n<p><\/p>\n\n\n\n<p>Votre soutien est important, c&rsquo;est lui qui finance nos projets et permet \u00e0 ce label d&rsquo;exister.<\/p>\n\n\n\n<p>Nous avons mis en oeuvre \u00e0 ce jour deux moyens pour vous de nous financer :<\/p>\n\n\n\n<p><\/p>\n\n\n\n<details class=\"wp-block-details has-background is-layout-flow wp-block-details-is-layout-flow\" style=\"background-color:#97844c;padding-top:var(--wp--preset--spacing--20);padding-bottom:var(--wp--preset--spacing--20);font-size:clamp(1.039rem, 1.039rem + ((1vw - 0.2rem) * 0.88), 1.6rem);\"><summary><strong>L&rsquo;adh\u00e9sion, en devenant membre<\/strong><\/summary>\n<iframe id=\"haWidget\" allowtransparency=\"true\" src=\"https:\/\/www.helloasso.com\/associations\/ethnokartoon-records\/adhesions\/devenir-membre\/widget\" style=\"width: 100%; border: none;\" onload=\"window.addEventListener( 'message', function(e) { const dataHeight = e.data.height; const haWidgetElement = document.getElementById('haWidget'); haWidgetElement.height = dataHeight + 'px'; } )\" ><\/iframe>\n\n\n\n<p><\/p>\n<\/details>\n\n\n\n<p><br><\/p>\n\n\n\n\n<figure class=\"wp-block-image aligncenter size-full is-resized is-style-rounded\"><a href=\"https:\/\/www.helloasso.com\/associations\/ethnokartoon-records\/adhesions\/devenir-membre\"><img loading=\"lazy\" decoding=\"async\" width=\"709\" height=\"320\" src=\"https:\/\/ethnokartoonrecords.com\/wp-content\/uploads\/2025\/09\/Screenshot_20250918_131925_Ecosia.jpg\" alt=\"\" class=\"wp-image-408\" style=\"aspect-ratio:2.2157123834886816;width:136px;height:auto\" srcset=\"https:\/\/ethnokartoonrecords.com\/wp-content\/uploads\/2025\/09\/Screenshot_20250918_131925_Ecosia.jpg 709w, https:\/\/ethnokartoonrecords.com\/wp-content\/uploads\/2025\/09\/Screenshot_20250918_131925_Ecosia-300x135.jpg 300w\" sizes=\"auto, (max-width: 709px) 100vw, 709px\" \/><\/a><\/figure>\n\n\n\n\n<div style=\"height:39px\" aria-hidden=\"true\" class=\"wp-block-spacer\"><\/div>\n\n\n\n<details class=\"wp-block-details has-background is-layout-flow wp-block-details-is-layout-flow\" style=\"border-style:none;border-width:0px;background-color:#9b1515;padding-top:var(--wp--preset--spacing--20);padding-bottom:var(--wp--preset--spacing--20);font-size:clamp(1.039rem, 1.039rem + ((1vw - 0.2rem) * 0.88), 1.6rem);\"><summary><strong>Le don, pour soutenir un projet en particulier (ici l&rsquo;ESDQ)<\/strong><\/summary>\n<div class=\"wp-block-group has-background has-global-padding is-layout-constrained wp-container-core-group-is-layout-c9115f92 wp-block-group-is-layout-constrained\" style=\"border-top-left-radius:56px;border-top-right-radius:56px;border-bottom-left-radius:56px;border-bottom-right-radius:56px;background:linear-gradient(135deg,rgb(56,81,104) 0%,rgb(84,38,91) 100%);padding-right:var(--wp--preset--spacing--20);padding-left:var(--wp--preset--spacing--20)\">\n<h3 class=\"wp-block-heading has-text-align-center has-x-large-font-size\" style=\"padding-right:0;padding-left:0\">Que signifie ESDQ ?<\/h3>\n\n\n\n<p class=\"has-text-align-center\">Ce projet correspond au lancement de notre label. Il consiste en un road trip musical de fin avril \u00e0 d\u00e9but mai 2026 au Qu\u00e9bec : l&rsquo;Exp\u00e9dition pour une Symphonie de la Diversit\u00e9 Qu\u00e9b\u00e9coise (ESDQ). Le concept est simple : nous enregistrons avec les artistes une vid\u00e9o ou un audio, chacun ayant son style et esth\u00e9tique propre (traditionnelle autochtone, traditionnelle folklorique, jazz, classique, exp\u00e9rimentale, traditionnelle d&rsquo;une autre r\u00e9gion du monde&#8230;) En plus de ces s\u00e9quences musicales nous enregistrerons de multiples bruits et sons en tous genres que nous croiserons lors du voyage (cris et chants d&rsquo;animaux, vent dans la for\u00eat, chant d&rsquo;une rivi\u00e8re, d\u00e9marrage d&rsquo;un camping car, sir\u00e8nes dans la rue etc). L&rsquo;exp\u00e9dition se d\u00e9roulera en un premier temps o\u00f9 nous seront bas\u00e9s \u00e0 Montr\u00e9al une grosse semaine puis une deuxi\u00e8me partie o\u00f9 nous nous d\u00e9placerons de ville en ville durant une semaine \u00e9galement. Enfin, nous seront de retour \u00e0 Montr\u00e9al pour jouer la composition Oiseauphonie lors d&rsquo;un concert organis\u00e9 par l&rsquo;association Code d&rsquo;Acc\u00e8s (voir le lien ici). Une fois le voyage men\u00e9 \u00e0 son terme, nous recouperons tous les enregistrements pour cr\u00e9er une \u0153uvre musicale innovante, riche et engag\u00e9e. Engag\u00e9e car au-del\u00e0 de la simple dimension artistique, l&rsquo;ESDQ porte en elle un projet social. Dans un contexte international o\u00f9 le fascisme conna\u00eet un essor alarmant, il devient primordial de soutenir, encourager et promouvoir les identit\u00e9s musicales notamment ethniques et \u00e0 travers elles, les communaut\u00e9s victimes d&rsquo;ins\u00e9curit\u00e9 culturelle et qui pourtant sont l&rsquo;essence m\u00eame de la richesse du patrimoine artistique mondial. Voil\u00e0 la port\u00e9e de la Symphonie de la Diversit\u00e9 Qu\u00e9b\u00e9coise<\/p>\n\n\n\n<p class=\"has-text-align-center has-x-large-font-size\"><strong>Qui sommes-nous ?<\/strong><\/p>\n\n\n\n<p class=\"has-text-align-center\">Nous sommes deux musiciens : Benjamin Petit-Delor et No\u00e9 Petit Bohnert. C&rsquo;est la m\u00eame volont\u00e9 de promouvoir des cultures et des mouvements artistiques minoritaires qui nous anime. Depuis que nous avons d\u00e9pos\u00e9 officiellement notre association Ethnokartoon Records en Aout 2025, nous n&rsquo;avons eu de cesse de nous demander quelle forme et quelle direction elle pourrait prendre. C&rsquo;est gr\u00e2ce \u00e0 l&rsquo;organisme Code d&rsquo;acc\u00e8s qui m&rsquo;a s\u00e9lectionn\u00e9 (No\u00e9) pour jouer une de mes compositions \u00e0 Montr\u00e9al en mai 2026 que nous avons commenc\u00e9 \u00e0 entrevoir une aventure possible. Au fur et \u00e0 mesure que le temps passait nous avons affin\u00e9 cette id\u00e9e pour lui donner un aspect plus concret, plus r\u00e9el. Et aujourd&rsquo;hui, le projet et mont\u00e9 : nous lui avons donn\u00e9 un nom, nous savons o\u00f9, quand et comment le r\u00e9aliser, qui rencontrer. C&rsquo;est dans cette perspective que s&rsquo;inscrit cette collecte; elle est le ciment qui va assembler les pierres de notre \u00e9difice. Nous vous sommes donc extr\u00eamement reconnaissant pour le chemin que nous parcourrons ensemble.<\/p>\n\n\n\n<p class=\"has-text-align-center\">L&rsquo;argent r\u00e9colt\u00e9 reviendra int\u00e9gralement \u00e0 Ethnokartoon Records pour pouvoir s&rsquo;acquitter des frais de voyage. Ce projet, au del\u00e0 d&rsquo;une simple exp\u00e9dition \u00e0 l&rsquo;\u00e9tranger constitue le v\u00e9ritable coup d&rsquo;envoi de notre label. Participer \u00e0 cette collecte ce n&rsquo;est pas seulement aider \u00e0 financer un voyage, c&rsquo;est litt\u00e9ralement permettre au label d&rsquo;exister, de nous donner les moyens de poursuivre notre ambition de d\u00e9fense de courants culturels, c&rsquo;est&nbsp;<em>in fine,<\/em>&nbsp;propulser notre association qui en retirera des b\u00e9n\u00e9fices pr\u00e9cieux sur le long terme : r\u00e9seau, cr\u00e9dibilit\u00e9, audience et respectabilit\u00e9.<\/p>\n\n\n\n<div class=\"wp-block-columns is-layout-flex wp-container-core-columns-is-layout-28f84493 wp-block-columns-is-layout-flex\">\n<div class=\"wp-block-column is-layout-flow wp-block-column-is-layout-flow\" style=\"flex-basis:100%\">\n<div class=\"wp-block-columns is-layout-flex wp-container-core-columns-is-layout-28f84493 wp-block-columns-is-layout-flex\">\n<div class=\"wp-block-column is-layout-flow wp-block-column-is-layout-flow\" style=\"flex-basis:100%\">\n<div class=\"wp-block-columns has-xx-large-font-size is-layout-flex wp-container-core-columns-is-layout-28f84493 wp-block-columns-is-layout-flex\">\n<div class=\"wp-block-column is-layout-flow wp-block-column-is-layout-flow\" style=\"flex-basis:100%\"><\/div>\n<\/div>\n<\/div>\n<\/div>\n<\/div>\n<\/div>\n\n\n\n<p><\/p>\n\n\n\n<iframe id=\"haWidgetButton\" allowtransparency=\"true\" src=\"https:\/\/www.helloasso.com\/associations\/ethnokartoon-records\/collectes\/financement-de-l-expedition-quebec-esdq\/widget-bouton\" style=\"width: 100%; height: 70px; border: none;\"><\/iframe>\n\n\n\n<p><\/p>\n<\/div>\n<\/details>\n\n\n\n<p><\/p>\n","protected":false},"excerpt":{"rendered":"<p>\u00ab\u00a0Si capacit\u00e9, il vous est accord\u00e9, d&rsquo;allier amiti\u00e9 et porte-monnaie&#8230;\u00a0\u00bb Votre soutien est important, c&rsquo;est lui qui finance nos projets et permet \u00e0 ce label d&rsquo;exister. Nous avons mis en oeuvre \u00e0 ce jour deux moyens pour vous de nous financer :<\/p>\n","protected":false},"author":1,"featured_media":0,"parent":0,"menu_order":0,"comment_status":"closed","ping_status":"closed","template":"","meta":{"footnotes":""},"class_list":["post-615","page","type-page","status-publish","hentry"],"jetpack_sharing_enabled":true,"_links":{"self":[{"href":"https:\/\/ethnokartoonrecords.com\/index.php\/wp-json\/wp\/v2\/pages\/615","targetHints":{"allow":["GET"]}}],"collection":[{"href":"https:\/\/ethnokartoonrecords.com\/index.php\/wp-json\/wp\/v2\/pages"}],"about":[{"href":"https:\/\/ethnokartoonrecords.com\/index.php\/wp-json\/wp\/v2\/types\/page"}],"author":[{"embeddable":true,"href":"https:\/\/ethnokartoonrecords.com\/index.php\/wp-json\/wp\/v2\/users\/1"}],"replies":[{"embeddable":true,"href":"https:\/\/ethnokartoonrecords.com\/index.php\/wp-json\/wp\/v2\/comments?post=615"}],"version-history":[{"count":23,"href":"https:\/\/ethnokartoonrecords.com\/index.php\/wp-json\/wp\/v2\/pages\/615\/revisions"}],"predecessor-version":[{"id":643,"href":"https:\/\/ethnokartoonrecords.com\/index.php\/wp-json\/wp\/v2\/pages\/615\/revisions\/643"}],"wp:attachment":[{"href":"https:\/\/ethnokartoonrecords.com\/index.php\/wp-json\/wp\/v2\/media?parent=615"}],"curies":[{"name":"wp","href":"https:\/\/api.w.org\/{rel}","templated":true}]}}