{"id":565,"date":"2026-02-14T21:06:43","date_gmt":"2026-02-14T21:06:43","guid":{"rendered":"http:\/\/ethnokartoonrecords.com\/?page_id=565"},"modified":"2026-02-15T09:47:05","modified_gmt":"2026-02-15T09:47:05","slug":"sabonner-a-la-newsletter","status":"publish","type":"page","link":"https:\/\/ethnokartoonrecords.com\/index.php\/sabonner-a-la-newsletter\/","title":{"rendered":"S&rsquo;abonner \u00e0 la newsletter"},"content":{"rendered":"  \n  \n  <div class=\"\n    mailpoet_form_popup_overlay\n      \"><\/div>\n  <div\n    id=\"mailpoet_form_4\"\n    class=\"\n      mailpoet_form\n      mailpoet_form_html\n      mailpoet_form_position_\n      mailpoet_form_animation_\n    \"\n      >\n\n    <style type=\"text\/css\">\n     #mailpoet_form_4 .mailpoet_form {  }\n#mailpoet_form_4 .mailpoet_column_with_background { padding: 10px; }\n#mailpoet_form_4 .mailpoet_form_column:not(:first-child) { margin-left: 20px; }\n#mailpoet_form_4 .mailpoet_paragraph { line-height: 20px; margin-bottom: 20px; }\n#mailpoet_form_4 .mailpoet_segment_label, #mailpoet_form_4 .mailpoet_text_label, #mailpoet_form_4 .mailpoet_textarea_label, #mailpoet_form_4 .mailpoet_select_label, #mailpoet_form_4 .mailpoet_radio_label, #mailpoet_form_4 .mailpoet_checkbox_label, #mailpoet_form_4 .mailpoet_list_label, #mailpoet_form_4 .mailpoet_date_label { display: block; font-weight: normal; }\n#mailpoet_form_4 .mailpoet_text, #mailpoet_form_4 .mailpoet_textarea, #mailpoet_form_4 .mailpoet_select, #mailpoet_form_4 .mailpoet_date_month, #mailpoet_form_4 .mailpoet_date_day, #mailpoet_form_4 .mailpoet_date_year, #mailpoet_form_4 .mailpoet_date { display: block; }\n#mailpoet_form_4 .mailpoet_text, #mailpoet_form_4 .mailpoet_textarea { width: 200px; }\n#mailpoet_form_4 .mailpoet_checkbox {  }\n#mailpoet_form_4 .mailpoet_submit {  }\n#mailpoet_form_4 .mailpoet_divider {  }\n#mailpoet_form_4 .mailpoet_message {  }\n#mailpoet_form_4 .mailpoet_form_loading { width: 30px; text-align: center; line-height: normal; }\n#mailpoet_form_4 .mailpoet_form_loading > span { width: 5px; height: 5px; background-color: #5b5b5b; }#mailpoet_form_4{border-radius: 0px;background: #330616;text-align: left;}#mailpoet_form_4 form.mailpoet_form {padding: 20px;}#mailpoet_form_4{width: 100%;}#mailpoet_form_4 .mailpoet_message {margin: 0; padding: 0 20px;}#mailpoet_form_4 .mailpoet_paragraph.last {margin-bottom: 0} @media (max-width: 500px) {#mailpoet_form_4 {background: #330616;}} @media (min-width: 500px) {#mailpoet_form_4 .last .mailpoet_paragraph:last-child {margin-bottom: 0}}  @media (max-width: 500px) {#mailpoet_form_4 .mailpoet_form_column:last-child .mailpoet_paragraph:last-child {margin-bottom: 0}} \n    <\/style>\n\n    <form\n      target=\"_self\"\n      method=\"post\"\n      action=\"https:\/\/ethnokartoonrecords.com\/wp-admin\/admin-post.php?action=mailpoet_subscription_form\"\n      class=\"mailpoet_form mailpoet_form_form mailpoet_form_html\"\n      novalidate\n      data-delay=\"\"\n      data-exit-intent-enabled=\"\"\n      data-font-family=\"\"\n      data-cookie-expiration-time=\"\"\n    >\n      <input type=\"hidden\" name=\"data[form_id]\" value=\"4\" \/>\n      <input type=\"hidden\" name=\"token\" value=\"6edb99251a\" \/>\n      <input type=\"hidden\" name=\"api_version\" value=\"v1\" \/>\n      <input type=\"hidden\" name=\"endpoint\" value=\"subscribers\" \/>\n      <input type=\"hidden\" name=\"mailpoet_method\" value=\"subscribe\" \/>\n\n      <label class=\"mailpoet_hp_email_label\" style=\"display: none !important;\">Veuillez laisser ce champ vide<input type=\"email\" name=\"data[email]\"\/><\/label><div class=\"mailpoet_paragraph \"><input type=\"text\" autocomplete=\"family-name\" class=\"mailpoet_text\" id=\"form_last_name_4\" name=\"data[form_field_MzQ4OGEwY2YzNjVhX2xhc3RfbmFtZQ==]\" title=\"Nom\" value=\"\" style=\"width:100%;box-sizing:border-box;padding:5px;margin: 0 auto 0 0;\" data-automation-id=\"form_last_name\"  placeholder=\"Nom\" aria-label=\"Nom\" data-parsley-errors-container=\".mailpoet_error_srph0\" data-parsley-names='[&quot;Veuillez sp\u00e9cifier un nom valide.&quot;,&quot;Les adresses dans les noms ne sont pas autoris\u00e9es, veuillez ajouter votre nom \u00e0 la place.&quot;]'\/><span class=\"mailpoet_error_srph0\"><\/span><\/div>\n<div class=\"mailpoet_paragraph \"><input type=\"text\" autocomplete=\"given-name\" class=\"mailpoet_text\" id=\"form_first_name_4\" name=\"data[form_field_ZmQwNDg3ZmJlNTMzX2ZpcnN0X25hbWU=]\" title=\"Pr\u00e9nom\" value=\"\" style=\"width:100%;box-sizing:border-box;padding:5px;margin: 0 auto 0 0;\" data-automation-id=\"form_first_name\"  placeholder=\"Pr\u00e9nom\" aria-label=\"Pr\u00e9nom\" data-parsley-errors-container=\".mailpoet_error_14j9r\" data-parsley-names='[&quot;Veuillez sp\u00e9cifier un nom valide.&quot;,&quot;Les adresses dans les noms ne sont pas autoris\u00e9es, veuillez ajouter votre nom \u00e0 la place.&quot;]'\/><span class=\"mailpoet_error_14j9r\"><\/span><\/div>\n<div class=\"mailpoet_paragraph \"><input type=\"email\" autocomplete=\"email\" class=\"mailpoet_text\" id=\"form_email_4\" name=\"data[form_field_M2MzZTZlZGNmZTQyX2VtYWls]\" title=\"Adresse e-mail\" value=\"\" style=\"width:100%;box-sizing:border-box;padding:5px;margin: 0 auto 0 0;\" data-automation-id=\"form_email\"  placeholder=\"Adresse e-mail *\" aria-label=\"Adresse e-mail *\" data-parsley-errors-container=\".mailpoet_error_1123s\" data-parsley-required=\"true\" required aria-required=\"true\" data-parsley-minlength=\"6\" data-parsley-maxlength=\"150\" data-parsley-type-message=\"Cette valeur doit \u00eatre un e-mail valide.\" data-parsley-required-message=\"Ce champ est n\u00e9cessaire.\"\/><span class=\"mailpoet_error_1123s\"><\/span><\/div>\n<div class=\"mailpoet_paragraph \"><input type=\"submit\" class=\"mailpoet_submit\" value=\"Je m\u2019abonne\u00a0!\" data-automation-id=\"subscribe-submit-button\" style=\"width:100%;box-sizing:border-box;padding:5px;margin: 0 auto 0 0;border-color:transparent;\" \/><span class=\"mailpoet_form_loading\"><span class=\"mailpoet_bounce1\"><\/span><span class=\"mailpoet_bounce2\"><\/span><span class=\"mailpoet_bounce3\"><\/span><\/span><\/div>\n\n      <div class=\"mailpoet_message\">\n        <p class=\"mailpoet_validate_success\"\n                style=\"display:none;\"\n                >V\u00e9rifiez votre boite de r\u00e9ception ou votre r\u00e9pertoire d\u2019ind\u00e9sirables pour confirmer votre abonnement.\n        <\/p>\n        <p class=\"mailpoet_validate_error\"\n                style=\"display:none;\"\n                >        <\/p>\n      <\/div>\n    <\/form>\n\n      <\/div>\n\n  ","protected":false},"excerpt":{"rendered":"","protected":false},"author":1,"featured_media":0,"parent":0,"menu_order":0,"comment_status":"closed","ping_status":"closed","template":"","meta":{"footnotes":""},"class_list":["post-565","page","type-page","status-publish","hentry"],"_links":{"self":[{"href":"https:\/\/ethnokartoonrecords.com\/index.php\/wp-json\/wp\/v2\/pages\/565","targetHints":{"allow":["GET"]}}],"collection":[{"href":"https:\/\/ethnokartoonrecords.com\/index.php\/wp-json\/wp\/v2\/pages"}],"about":[{"href":"https:\/\/ethnokartoonrecords.com\/index.php\/wp-json\/wp\/v2\/types\/page"}],"author":[{"embeddable":true,"href":"https:\/\/ethnokartoonrecords.com\/index.php\/wp-json\/wp\/v2\/users\/1"}],"replies":[{"embeddable":true,"href":"https:\/\/ethnokartoonrecords.com\/index.php\/wp-json\/wp\/v2\/comments?post=565"}],"version-history":[{"count":4,"href":"https:\/\/ethnokartoonrecords.com\/index.php\/wp-json\/wp\/v2\/pages\/565\/revisions"}],"predecessor-version":[{"id":575,"href":"https:\/\/ethnokartoonrecords.com\/index.php\/wp-json\/wp\/v2\/pages\/565\/revisions\/575"}],"wp:attachment":[{"href":"https:\/\/ethnokartoonrecords.com\/index.php\/wp-json\/wp\/v2\/media?parent=565"}],"curies":[{"name":"wp","href":"https:\/\/api.w.org\/{rel}","templated":true}]}}