{"id":420,"date":"2025-10-07T16:18:00","date_gmt":"2025-10-07T16:18:00","guid":{"rendered":"http:\/\/ethnokartoonrecords.com\/?page_id=420"},"modified":"2026-02-18T13:50:00","modified_gmt":"2026-02-18T13:50:00","slug":"music-to-image","status":"publish","type":"page","link":"https:\/\/ethnokartoonrecords.com\/index.php\/music-to-image\/","title":{"rendered":"Musique \u00e0 l&rsquo;image"},"content":{"rendered":"\n<figure class=\"wp-block-video\"><video height=\"1080\" style=\"aspect-ratio: 1920 \/ 1080;\" width=\"1920\" controls src=\"https:\/\/ethnokartoonrecords.com\/wp-content\/uploads\/2025\/10\/MADMAX-resound-el.mp4\"><\/video><\/figure>\n\n\n\n<p>Extrait de <em>Furiosa: The Legend of Mad Max<\/em>. Une production de Kennedy Miller. Ici, l\u00e9g\u00e8rement \u00e9dit\u00e9 avec un soundtrack de Benjamin Petit-Delor intitul\u00e9 \u201cIn the Zoo\u201d, publi\u00e9 sur label Believe.<\/p>\n\n\n\n<figure class=\"wp-block-video\"><video height=\"1080\" style=\"aspect-ratio: 1920 \/ 1080;\" width=\"1920\" controls src=\"https:\/\/ethnokartoonrecords.com\/wp-content\/uploads\/2025\/10\/BARBIE-resound-el.mp4\"><\/video><\/figure>\n\n\n\n<p>Extrait de <em>Barbie<\/em>. Ce film appartient \u00e0 Heyday Films and Mattel Films. Vous avez l\u00e0 une version sp\u00e9ciale avec un soundtrack ethno-futuriste par Benjamin Petit-Delor.<\/p>\n\n\n\n<figure class=\"wp-block-video\"><video height=\"720\" style=\"aspect-ratio: 1280 \/ 720;\" width=\"1280\" controls src=\"https:\/\/ethnokartoonrecords.com\/wp-content\/uploads\/2025\/10\/bad-guys-2-resound-el.mp4\"><\/video><\/figure>\n\n\n\n<p>Extrait de <em>Bad guys 2<\/em>, un film appartement \u00e0 Dreamwork. Cette sc\u00e8ne correspond parfaitement au seul et unique <em>Concerto pour oud<\/em> de Benjamin Petit-Delor&#8230; bient\u00f4t disponible sur ce label !<\/p>\n\n\n\n<p><\/p>\n","protected":false},"excerpt":{"rendered":"<p>Extrait de Furiosa: The Legend of Mad Max. Une production de Kennedy Miller. Ici, l\u00e9g\u00e8rement \u00e9dit\u00e9 avec un soundtrack de Benjamin Petit-Delor intitul\u00e9 \u201cIn the Zoo\u201d, publi\u00e9 sur label Believe. Extrait de Barbie. Ce film appartient \u00e0 Heyday Films and Mattel Films. Vous avez l\u00e0 une version sp\u00e9ciale avec un soundtrack ethno-futuriste par Benjamin Petit-Delor. [&hellip;]<\/p>\n","protected":false},"author":1,"featured_media":0,"parent":0,"menu_order":0,"comment_status":"closed","ping_status":"closed","template":"","meta":{"footnotes":""},"class_list":["post-420","page","type-page","status-publish","hentry"],"_links":{"self":[{"href":"https:\/\/ethnokartoonrecords.com\/index.php\/wp-json\/wp\/v2\/pages\/420","targetHints":{"allow":["GET"]}}],"collection":[{"href":"https:\/\/ethnokartoonrecords.com\/index.php\/wp-json\/wp\/v2\/pages"}],"about":[{"href":"https:\/\/ethnokartoonrecords.com\/index.php\/wp-json\/wp\/v2\/types\/page"}],"author":[{"embeddable":true,"href":"https:\/\/ethnokartoonrecords.com\/index.php\/wp-json\/wp\/v2\/users\/1"}],"replies":[{"embeddable":true,"href":"https:\/\/ethnokartoonrecords.com\/index.php\/wp-json\/wp\/v2\/comments?post=420"}],"version-history":[{"count":15,"href":"https:\/\/ethnokartoonrecords.com\/index.php\/wp-json\/wp\/v2\/pages\/420\/revisions"}],"predecessor-version":[{"id":654,"href":"https:\/\/ethnokartoonrecords.com\/index.php\/wp-json\/wp\/v2\/pages\/420\/revisions\/654"}],"wp:attachment":[{"href":"https:\/\/ethnokartoonrecords.com\/index.php\/wp-json\/wp\/v2\/media?parent=420"}],"curies":[{"name":"wp","href":"https:\/\/api.w.org\/{rel}","templated":true}]}}