{"id":214,"date":"2025-08-25T18:12:56","date_gmt":"2025-08-25T18:12:56","guid":{"rendered":"http:\/\/ethnokartoonrecords.com\/?page_id=214"},"modified":"2026-02-15T11:23:29","modified_gmt":"2026-02-15T11:23:29","slug":"contact","status":"publish","type":"page","link":"https:\/\/ethnokartoonrecords.com\/index.php\/contact\/","title":{"rendered":"Contact"},"content":{"rendered":"\n<div class=\"wp-block-group has-background has-global-padding is-layout-constrained wp-block-group-is-layout-constrained\" style=\"border-style:dotted;border-width:2px;border-top-left-radius:100px;border-top-right-radius:100px;border-bottom-left-radius:100px;border-bottom-right-radius:100px;background-color:#1c3712\">\n<p class=\"has-text-align-center\">Benjamin Petit-Delor, pr\u00e9sident et directeur artistique : president@ethnokartoonrecords.com<\/p>\n\n\n\n<p class=\"has-text-align-center\"><br>No\u00e9 Petit Bohnert, secr\u00e9taire, assistant et webmaster secretaire@ethnokartoonrecords.com<\/p>\n<\/div>\n\n\n\n<p><\/p>\n\n\n\n<p><\/p>\n","protected":false},"excerpt":{"rendered":"<p>Benjamin Petit-Delor, pr\u00e9sident et directeur artistique : president@ethnokartoonrecords.com No\u00e9 Petit Bohnert, secr\u00e9taire, assistant et webmaster secretaire@ethnokartoonrecords.com<\/p>\n","protected":false},"author":1,"featured_media":0,"parent":0,"menu_order":0,"comment_status":"closed","ping_status":"closed","template":"","meta":{"footnotes":""},"class_list":["post-214","page","type-page","status-publish","hentry"],"_links":{"self":[{"href":"https:\/\/ethnokartoonrecords.com\/index.php\/wp-json\/wp\/v2\/pages\/214","targetHints":{"allow":["GET"]}}],"collection":[{"href":"https:\/\/ethnokartoonrecords.com\/index.php\/wp-json\/wp\/v2\/pages"}],"about":[{"href":"https:\/\/ethnokartoonrecords.com\/index.php\/wp-json\/wp\/v2\/types\/page"}],"author":[{"embeddable":true,"href":"https:\/\/ethnokartoonrecords.com\/index.php\/wp-json\/wp\/v2\/users\/1"}],"replies":[{"embeddable":true,"href":"https:\/\/ethnokartoonrecords.com\/index.php\/wp-json\/wp\/v2\/comments?post=214"}],"version-history":[{"count":6,"href":"https:\/\/ethnokartoonrecords.com\/index.php\/wp-json\/wp\/v2\/pages\/214\/revisions"}],"predecessor-version":[{"id":587,"href":"https:\/\/ethnokartoonrecords.com\/index.php\/wp-json\/wp\/v2\/pages\/214\/revisions\/587"}],"wp:attachment":[{"href":"https:\/\/ethnokartoonrecords.com\/index.php\/wp-json\/wp\/v2\/media?parent=214"}],"curies":[{"name":"wp","href":"https:\/\/api.w.org\/{rel}","templated":true}]}}