{"id":210,"date":"2025-08-25T17:59:36","date_gmt":"2025-08-25T17:59:36","guid":{"rendered":"http:\/\/ethnokartoonrecords.com\/?page_id=210"},"modified":"2026-02-15T11:31:34","modified_gmt":"2026-02-15T11:31:34","slug":"about","status":"publish","type":"page","link":"https:\/\/ethnokartoonrecords.com\/index.php\/about\/","title":{"rendered":"\u00c0 propos"},"content":{"rendered":"\n<div class=\"wp-block-group has-border-color has-background has-global-padding is-layout-constrained wp-block-group-is-layout-constrained\" style=\"border-color:#ff0000;border-width:1px;border-top-left-radius:100px;border-top-right-radius:100px;border-bottom-left-radius:100px;border-bottom-right-radius:100px;background-color:#35353d\">\n<p class=\"has-text-align-center\" style=\"padding-right:var(--wp--preset--spacing--20);padding-left:var(--wp--preset--spacing--20)\">Ethnokartoon Records pr\u00e9sente une musique \u00e0 la fois savante et humoristique qui comporte une approche ethnique. Nous aimons les sons acoustiques et naturels qui peuvent \u00eatre modifi\u00e9s synth\u00e9tiquement. Nous accueillons les compositeurs et les improvisateurs qui s&rsquo;\u00e9loignent des productions d\u00e9magogiques telles que l&rsquo;\u00e9l\u00e9gance, le minimalisme et la robotisation syst\u00e9matique qui se r\u00e9pandent \u00e0 travers le monde \u00e0 la grande stup\u00e9faction des masses. Avant d&rsquo;envoyer votre d\u00e9mo ou votre projet collaboratif, veuillez lire attentivement ce manifeste et vous pr\u00e9senter avec une richesse d&rsquo;esprit, une psychologie brillante et une solide chaine d\u2019id\u00e9es.<\/p>\n\n\n\n<p class=\"has-text-align-center\">Merci<\/p>\n<\/div>\n\n\n\n<div class=\"wp-block-group has-border-color has-background has-global-padding is-layout-constrained wp-block-group-is-layout-constrained\" style=\"border-color:#00f6ff;border-width:1px;border-top-left-radius:100px;border-top-right-radius:100px;border-bottom-left-radius:100px;border-bottom-right-radius:100px;background-color:#253434\">\n<p class=\"has-text-align-center\" style=\"padding-right:var(--wp--preset--spacing--20);padding-left:var(--wp--preset--spacing--20)\"><br>Nous sommes \u00e9galement un studio d\u2019enregistrement enrichie d\u2019une vaste collection d\u2019instruments provenant de tous les continents du monde \ud83c\udf0e\ud83c\udfb5<\/p>\n\n\n\n<p class=\"has-text-align-center\"><\/p>\n\n\n\n<div class=\"wp-block-columns is-layout-flex wp-container-core-columns-is-layout-28f84493 wp-block-columns-is-layout-flex\">\n<div class=\"wp-block-column is-layout-flow wp-block-column-is-layout-flow\" style=\"flex-basis:100%\">\n<div class=\"wp-block-cb-carousel-v2 cb-carousel-block\" data-cb-slides-per-view=\"1\" data-cb-slides-per-group=\"1\" data-cb-space-between=\"15\" data-cb-speed=\"300\" data-cb-navigation=\"true\" data-cb-pagination=\"true\" data-cb-breakpoints=\"{&quot;768&quot;:{&quot;slidesPerView&quot;:3,&quot;slidesPerGroup&quot;:1}}\"><div class=\"swiper\"><div class=\"cb-wrapper swiper-wrapper\">\n<div class=\"wp-block-cb-slide-v2 cb-slide swiper-slide\"><\/div>\n\n\n\n<div class=\"wp-block-cb-slide-v2 cb-slide swiper-slide\">\n<figure class=\"wp-block-video\"><video height=\"1440\" style=\"aspect-ratio: 1080 \/ 1440;\" width=\"1080\" controls src=\"https:\/\/ethnokartoonrecords.com\/wp-content\/uploads\/2025\/09\/copy_9CBE79D7-CB80-432B-9E07-1041F03B3C40.mov\"><\/video><\/figure>\n<\/div>\n<\/div><\/div><div class=\"cb-pagination swiper-pagination\"><\/div><div class=\"cb-button-prev swiper-button-prev\"><\/div><div class=\"cb-button-next swiper-button-next\"><\/div><\/div>\n<\/div>\n<\/div>\n\n\n\n<p><\/p>\n<\/div>\n","protected":false},"excerpt":{"rendered":"<p>Ethnokartoon Records pr\u00e9sente une musique \u00e0 la fois savante et humoristique qui comporte une approche ethnique. Nous aimons les sons acoustiques et naturels qui peuvent \u00eatre modifi\u00e9s synth\u00e9tiquement. Nous accueillons les compositeurs et les improvisateurs qui s&rsquo;\u00e9loignent des productions d\u00e9magogiques telles que l&rsquo;\u00e9l\u00e9gance, le minimalisme et la robotisation syst\u00e9matique qui se r\u00e9pandent \u00e0 travers le [&hellip;]<\/p>\n","protected":false},"author":1,"featured_media":0,"parent":0,"menu_order":0,"comment_status":"closed","ping_status":"closed","template":"","meta":{"footnotes":""},"class_list":["post-210","page","type-page","status-publish","hentry"],"_links":{"self":[{"href":"https:\/\/ethnokartoonrecords.com\/index.php\/wp-json\/wp\/v2\/pages\/210","targetHints":{"allow":["GET"]}}],"collection":[{"href":"https:\/\/ethnokartoonrecords.com\/index.php\/wp-json\/wp\/v2\/pages"}],"about":[{"href":"https:\/\/ethnokartoonrecords.com\/index.php\/wp-json\/wp\/v2\/types\/page"}],"author":[{"embeddable":true,"href":"https:\/\/ethnokartoonrecords.com\/index.php\/wp-json\/wp\/v2\/users\/1"}],"replies":[{"embeddable":true,"href":"https:\/\/ethnokartoonrecords.com\/index.php\/wp-json\/wp\/v2\/comments?post=210"}],"version-history":[{"count":41,"href":"https:\/\/ethnokartoonrecords.com\/index.php\/wp-json\/wp\/v2\/pages\/210\/revisions"}],"predecessor-version":[{"id":592,"href":"https:\/\/ethnokartoonrecords.com\/index.php\/wp-json\/wp\/v2\/pages\/210\/revisions\/592"}],"wp:attachment":[{"href":"https:\/\/ethnokartoonrecords.com\/index.php\/wp-json\/wp\/v2\/media?parent=210"}],"curies":[{"name":"wp","href":"https:\/\/api.w.org\/{rel}","templated":true}]}}