{"id":206,"date":"2025-08-25T17:58:47","date_gmt":"2025-08-25T17:58:47","guid":{"rendered":"http:\/\/ethnokartoonrecords.com\/?page_id=206"},"modified":"2026-02-19T12:27:22","modified_gmt":"2026-02-19T12:27:22","slug":"artists","status":"publish","type":"page","link":"https:\/\/ethnokartoonrecords.com\/index.php\/artists\/","title":{"rendered":"Artistes"},"content":{"rendered":"\n<div class=\"wp-block-group has-border-color has-background has-global-padding is-layout-constrained wp-block-group-is-layout-constrained\" style=\"border-color:#7e7e7e;border-style:dashed;border-width:1px;border-top-left-radius:62px;border-top-right-radius:62px;border-bottom-left-radius:62px;border-bottom-right-radius:62px;background-color:#610e0e\">\n<h2 class=\"wp-block-heading has-text-align-center\">Benjamin Petit-Delor<\/h2>\n\n\n\n<figure class=\"wp-block-image size-full is-resized is-style-rounded\"><img loading=\"lazy\" decoding=\"async\" width=\"812\" height=\"810\" src=\"https:\/\/ethnokartoonrecords.com\/wp-content\/uploads\/2026\/02\/Screenshot_20260212_231449_Instagram.jpg\" alt=\"\" class=\"wp-image-538\" style=\"aspect-ratio:1.0025402201524132;width:323px;height:auto\" srcset=\"https:\/\/ethnokartoonrecords.com\/wp-content\/uploads\/2026\/02\/Screenshot_20260212_231449_Instagram.jpg 812w, https:\/\/ethnokartoonrecords.com\/wp-content\/uploads\/2026\/02\/Screenshot_20260212_231449_Instagram-300x300.jpg 300w, https:\/\/ethnokartoonrecords.com\/wp-content\/uploads\/2026\/02\/Screenshot_20260212_231449_Instagram-150x150.jpg 150w, https:\/\/ethnokartoonrecords.com\/wp-content\/uploads\/2026\/02\/Screenshot_20260212_231449_Instagram-768x766.jpg 768w\" sizes=\"auto, (max-width: 812px) 100vw, 812px\" \/><\/figure>\n\n\n\n<ul class=\"wp-block-list\">\n<li><a href=\"https:\/\/petitdelor.bandcamp.com\/\">Bandcamp<\/a><\/li>\n\n\n\n<li><a href=\"https:\/\/www.tiktok.com\/tag\/benjaminpetitdelor\">Tiktok<\/a><\/li>\n\n\n\n<li><a href=\"https:\/\/www.youtube.com\/PetitDelor\" data-type=\"link\" data-id=\"https:\/\/www.youtube.com\/PetitDelor\">Youtube<\/a><\/li>\n\n\n\n<li><a href=\"https:\/\/www.instagram.com\/benjaminpetitdelor\/\" data-type=\"link\" data-id=\"https:\/\/www.instagram.com\/benjaminpetitdelor\/\">Instagram<\/a><\/li>\n<\/ul>\n\n\n\n<details class=\"wp-block-details is-layout-flow wp-block-details-is-layout-flow\"><summary>Benjamin Petit-Delor propose de la musique exp\u00e9rimentale pour les instruments du monde<\/summary>\n<p>Petit-Delor \u00e9tait fan de m\u00e9tal, a s\u00e9rieusement \u00e9tudi\u00e9 la guitare jazz, a eu une belle carri\u00e8re de violoniste et chanteur dans un conservatoire classique (avec des tourn\u00e9es internationales), a pass\u00e9 un certain temps comme musicien de messe catholique, a compos\u00e9 des chansons fran\u00e7aises, a donn\u00e9 des cours de musique pendant 20 ans \u00e0 Paris, a compos\u00e9 une myriade de petites pi\u00e8ces et de bruitages pour le th\u00e9\u00e2tre, a form\u00e9 quelques duos farfelus et groupes d&rsquo;improvisation musicale, a mis en musique des dizaines de po\u00e8mes c\u00e9l\u00e8bres et, depuis quelques ann\u00e9es, compose lui-m\u00eame des symphonies et des albums avec sa collection de 300 instruments de musique provenant du monde entier.<\/p>\n<\/details>\n<\/div>\n\n\n\n<hr class=\"wp-block-separator has-text-color has-contrast-color has-alpha-channel-opacity has-contrast-background-color has-background is-style-default\" style=\"margin-top:var(--wp--preset--spacing--20);margin-bottom:var(--wp--preset--spacing--20)\"\/>\n\n\n\n<div class=\"wp-block-group has-border-color has-background has-global-padding is-layout-constrained wp-block-group-is-layout-constrained\" style=\"border-color:#7e7e7e;border-style:dashed;border-width:1px;border-top-left-radius:65px;border-top-right-radius:65px;border-bottom-left-radius:65px;border-bottom-right-radius:65px;background-color:#4e0746\">\n<h2 class=\"wp-block-heading has-text-align-center\">No\u00e9 Petit Bohnert<\/h2>\n\n\n\n<figure class=\"wp-block-image size-large is-resized is-style-rounded\"><img loading=\"lazy\" decoding=\"async\" width=\"576\" height=\"1024\" src=\"https:\/\/ethnokartoonrecords.com\/wp-content\/uploads\/2026\/02\/20250827_180848-576x1024.jpg\" alt=\"\" class=\"wp-image-539\" style=\"aspect-ratio:0.5625148467812179;width:206px;height:auto\" srcset=\"https:\/\/ethnokartoonrecords.com\/wp-content\/uploads\/2026\/02\/20250827_180848-576x1024.jpg 576w, https:\/\/ethnokartoonrecords.com\/wp-content\/uploads\/2026\/02\/20250827_180848-169x300.jpg 169w, https:\/\/ethnokartoonrecords.com\/wp-content\/uploads\/2026\/02\/20250827_180848-768x1365.jpg 768w, https:\/\/ethnokartoonrecords.com\/wp-content\/uploads\/2026\/02\/20250827_180848-864x1536.jpg 864w, https:\/\/ethnokartoonrecords.com\/wp-content\/uploads\/2026\/02\/20250827_180848-1152x2048.jpg 1152w, https:\/\/ethnokartoonrecords.com\/wp-content\/uploads\/2026\/02\/20250827_180848-scaled.jpg 1440w\" sizes=\"auto, (max-width: 576px) 100vw, 576px\" \/><\/figure>\n\n\n\n<ul class=\"wp-block-list\">\n<li><a href=\"https:\/\/vonbohnert.bandcamp.com\/\">Bandcamp<\/a><\/li>\n\n\n\n<li><a href=\"https:\/\/www.instagram.com\/von.bohnert\">Instagram<\/a><\/li>\n\n\n\n<li><a href=\"https:\/\/www.youtube.com\/channel\/UCQ_hiSc-E7ir2ofhnxWemwg\">Youtube<\/a><\/li>\n\n\n\n<li><a href=\"https:\/\/gswell.ca\/composer-competition\/\">Prix<\/a><\/li>\n\n\n\n<li><a href=\"https:\/\/codesdacces.org\/evenement\/traces\/\">Oiseauphonie<\/a><\/li>\n<\/ul>\n\n\n\n<details class=\"wp-block-details is-layout-flow wp-block-details-is-layout-flow\"><summary>No\u00e9 Petit Bohnert est un clarinettiste, pianiste, compositeur et fan de nature<\/summary>\n<p>Il \u00e9tudie et a \u00e9tudi\u00e9 la musique classique, le jazz et les percussions s\u00e9n\u00e9galaises dans plusieurs conservatoires et \u00e9coles de musique en France et au Canada. Egalement amateur de konnakkol (indien) et musique traditionnelle chinoise, il compose dans un style foisonnant et vaste, aux allures changeantes allant du recueil de fugues exp\u00e9rimentales aux rhapsodies contemporaines teint\u00e9es de touches ethniques. Cela lui a valu d&rsquo;\u00eatre laur\u00e9at du concours de composition Groundswell et s\u00e9lectionn\u00e9 par l&rsquo;organisme de musiques nouvelles Code d&rsquo;Acc\u00e8s pour jouer une de ses pi\u00e8ces \u00e0 Montr\u00e9al le 8 Mai 2026.<\/p>\n<\/details>\n<\/div>\n\n\n\n<p><\/p>\n","protected":false},"excerpt":{"rendered":"<p>Benjamin Petit-Delor No\u00e9 Petit Bohnert<\/p>\n","protected":false},"author":1,"featured_media":0,"parent":0,"menu_order":0,"comment_status":"closed","ping_status":"closed","template":"","meta":{"footnotes":""},"class_list":["post-206","page","type-page","status-publish","hentry"],"_links":{"self":[{"href":"https:\/\/ethnokartoonrecords.com\/index.php\/wp-json\/wp\/v2\/pages\/206","targetHints":{"allow":["GET"]}}],"collection":[{"href":"https:\/\/ethnokartoonrecords.com\/index.php\/wp-json\/wp\/v2\/pages"}],"about":[{"href":"https:\/\/ethnokartoonrecords.com\/index.php\/wp-json\/wp\/v2\/types\/page"}],"author":[{"embeddable":true,"href":"https:\/\/ethnokartoonrecords.com\/index.php\/wp-json\/wp\/v2\/users\/1"}],"replies":[{"embeddable":true,"href":"https:\/\/ethnokartoonrecords.com\/index.php\/wp-json\/wp\/v2\/comments?post=206"}],"version-history":[{"count":15,"href":"https:\/\/ethnokartoonrecords.com\/index.php\/wp-json\/wp\/v2\/pages\/206\/revisions"}],"predecessor-version":[{"id":657,"href":"https:\/\/ethnokartoonrecords.com\/index.php\/wp-json\/wp\/v2\/pages\/206\/revisions\/657"}],"wp:attachment":[{"href":"https:\/\/ethnokartoonrecords.com\/index.php\/wp-json\/wp\/v2\/media?parent=206"}],"curies":[{"name":"wp","href":"https:\/\/api.w.org\/{rel}","templated":true}]}}